{"id":1586,"date":"2024-05-01T23:20:02","date_gmt":"2024-05-01T23:20:02","guid":{"rendered":"https:\/\/www.kirribillineighbourhoodcentre.org\/?page_id=1586"},"modified":"2026-04-14T03:15:28","modified_gmt":"2026-04-14T03:15:28","slug":"packages","status":"publish","type":"page","link":"https:\/\/www.kirribillineighbourhoodcentre.org\/es\/our-services\/room-hire\/packages\/","title":{"rendered":"Packages"},"content":{"rendered":"<div data-elementor-type=\"wp-page\" data-elementor-id=\"1586\" class=\"elementor elementor-1586\" data-elementor-post-type=\"page\">\n\t\t\t\t<div class=\"elementor-element elementor-element-e3f51d4 e-flex e-con-boxed e-con e-parent\" data-id=\"e3f51d4\" data-element_type=\"container\" data-e-type=\"container\" data-settings=\"{&quot;background_background&quot;:&quot;classic&quot;}\">\n\t\t\t\t\t<div class=\"e-con-inner\">\n\t\t\t\t\t<\/div>\n\t\t\t\t<\/div>\n\t\t<div class=\"elementor-element elementor-element-90b910e e-flex e-con-boxed e-con e-parent\" data-id=\"90b910e\" data-element_type=\"container\" data-e-type=\"container\">\n\t\t\t\t\t<div class=\"e-con-inner\">\n\t\t<div class=\"elementor-element elementor-element-df76bb0 e-flex e-con-boxed e-con e-child\" data-id=\"df76bb0\" data-element_type=\"container\" data-e-type=\"container\">\n\t\t\t\t\t<div class=\"e-con-inner\">\n\t\t\t\t<div class=\"elementor-element elementor-element-21d5dd7 elementor-widget elementor-widget-heading\" data-id=\"21d5dd7\" data-element_type=\"widget\" data-e-type=\"widget\" data-widget_type=\"heading.default\">\n\t\t\t\t<div class=\"elementor-widget-container\">\n\t\t\t\t\t<h2 class=\"elementor-heading-title elementor-size-default\">Children's Party Package\n<\/h2>\t\t\t\t<\/div>\n\t\t\t\t<\/div>\n\t\t\t\t<div class=\"elementor-element elementor-element-b562ac0 elementor-widget elementor-widget-button\" data-id=\"b562ac0\" data-element_type=\"widget\" data-e-type=\"widget\" data-widget_type=\"button.default\">\n\t\t\t\t<div class=\"elementor-widget-container\">\n\t\t\t\t\t\t\t\t\t<div class=\"elementor-button-wrapper\">\n\t\t\t\t\t<a class=\"elementor-button elementor-button-link elementor-size-sm\" href=\"#elementor-action%3Aaction%3Dpopup%3Aopen%26settings%3DeyJpZCI6IjI2NzEiLCJ0b2dnbGUiOmZhbHNlfQ%3D%3D\">\n\t\t\t\t\t\t<span class=\"elementor-button-content-wrapper\">\n\t\t\t\t\t\t\t\t\t<span class=\"elementor-button-text\">Enquire<\/span>\n\t\t\t\t\t<\/span>\n\t\t\t\t\t<\/a>\n\t\t\t\t<\/div>\n\t\t\t\t\t\t\t\t<\/div>\n\t\t\t\t<\/div>\n\t\t\t\t\t<\/div>\n\t\t\t\t<\/div>\n\t\t\t\t<div class=\"elementor-element elementor-element-8048d5d elementor-widget elementor-widget-text-editor\" data-id=\"8048d5d\" data-element_type=\"widget\" data-e-type=\"widget\" data-widget_type=\"text-editor.default\">\n\t\t\t\t<div class=\"elementor-widget-container\">\n\t\t\t\t\t\t\t\t\t<div id=\"block-f68dee507eeebdf5c202\" class=\"sqs-block html-block sqs-block-html\" data-block-type=\"2\" data-border-radii=\"{&quot;topLeft&quot;:{&quot;unit&quot;:&quot;px&quot;,&quot;value&quot;:0.0},&quot;topRight&quot;:{&quot;unit&quot;:&quot;px&quot;,&quot;value&quot;:0.0},&quot;bottomLeft&quot;:{&quot;unit&quot;:&quot;px&quot;,&quot;value&quot;:0.0},&quot;bottomRight&quot;:{&quot;unit&quot;:&quot;px&quot;,&quot;value&quot;:0.0}}\"><div class=\"sqs-block-content\"><div class=\"sqs-html-content\"><p class=\"\">With its child sensitive synthetic turfed play area, outdoor seating, undercover areas for wet weather. The Kirribilli Centre is a wonderful location for a Children&#8217;s Birthday Party! The Children&#8217;s Party Package includes;<\/p><ul data-rte-list=\"default\"><li><p class=\"\">The use of the back courtyard<\/p><\/li><li><p class=\"\">The use of the Trelawney room (as a wet weather option)<\/p><\/li><li><p class=\"\">The courtyard has a cubby house and a small selection of toys<\/p><\/li><li><p class=\"\">The use of the downstairs kitchen<\/p><\/li><li><p class=\"\">Available weekends 9 am &#8211; 12 pm and 1 pm &#8211; 4pm (include set up and pack down time)<\/p><\/li><\/ul><p class=\"\"><strong>Cost<\/strong>: $195 (3 hours)\u00a0 Set up and pack down time is included in your room hire time. Prices are subject to change<\/p><p class=\"\">Plus $57 (Public Liability Insurance payable to the North Sydney Council) Prices are subject to change<\/p><p class=\"\">You are free to decorate the courtyard as you please. All decorations must be removed after your party.<\/p><\/div><\/div><\/div>\t\t\t\t\t\t\t\t<\/div>\n\t\t\t\t<\/div>\n\t\t\t\t<div class=\"elementor-element elementor-element-178d918 elementor-widget elementor-widget-heading\" data-id=\"178d918\" data-element_type=\"widget\" data-e-type=\"widget\" data-widget_type=\"heading.default\">\n\t\t\t\t<div class=\"elementor-widget-container\">\n\t\t\t\t\t<h2 class=\"elementor-heading-title elementor-size-default\">Cakes for Birthdays<\/h2>\t\t\t\t<\/div>\n\t\t\t\t<\/div>\n\t\t\t\t<div class=\"elementor-element elementor-element-48af764 elementor-widget elementor-widget-text-editor\" data-id=\"48af764\" data-element_type=\"widget\" data-e-type=\"widget\" data-widget_type=\"text-editor.default\">\n\t\t\t\t<div class=\"elementor-widget-container\">\n\t\t\t\t\t\t\t\t\t<p class=\"\"><strong>La panader\u00eda verde<\/strong><\/p><ul data-rte-list=\"default\"><li><p class=\"\">Las tartas m\u00e1s incre\u00edbles. The Green Bakery cree que todo el mundo deber\u00eda poder devorar un trozo de pastel, independientemente de sus necesidades diet\u00e9ticas. Visite su sitio web para ver la incre\u00edble selecci\u00f3n www.thegreenbakery.com.au o env\u00ede un correo electr\u00f3nico a hello@thegreenbakery.com.au o llame al 8592 2691 o al 0420 945245. Tambi\u00e9n realizan entregas. Un servicio fant\u00e1stico.<\/p><\/li><\/ul>\t\t\t\t\t\t\t\t<\/div>\n\t\t\t\t<\/div>\n\t\t\t\t\t<\/div>\n\t\t\t\t<\/div>\n\t\t<div class=\"elementor-element elementor-element-50b8e45 e-con-full e-flex e-con e-parent\" data-id=\"50b8e45\" data-element_type=\"container\" data-e-type=\"container\">\n\t\t\t\t<\/div>\n\t\t<div class=\"elementor-element elementor-element-ec89eb1 e-flex e-con-boxed e-con e-parent\" data-id=\"ec89eb1\" data-element_type=\"container\" data-e-type=\"container\">\n\t\t\t\t\t<div class=\"e-con-inner\">\n\t\t<div class=\"elementor-element elementor-element-6db16a2 e-flex e-con-boxed e-con e-child\" data-id=\"6db16a2\" data-element_type=\"container\" data-e-type=\"container\">\n\t\t\t\t\t<div class=\"e-con-inner\">\n\t\t\t\t<div class=\"elementor-element elementor-element-49b2146 elementor-widget elementor-widget-heading\" data-id=\"49b2146\" data-element_type=\"widget\" data-e-type=\"widget\" data-widget_type=\"heading.default\">\n\t\t\t\t<div class=\"elementor-widget-container\">\n\t\t\t\t\t<h2 class=\"elementor-heading-title elementor-size-default\">Art Exhibitions<\/h2>\t\t\t\t<\/div>\n\t\t\t\t<\/div>\n\t\t\t\t<div class=\"elementor-element elementor-element-c0fd2a9 elementor-widget elementor-widget-button\" data-id=\"c0fd2a9\" data-element_type=\"widget\" data-e-type=\"widget\" data-widget_type=\"button.default\">\n\t\t\t\t<div class=\"elementor-widget-container\">\n\t\t\t\t\t\t\t\t\t<div class=\"elementor-button-wrapper\">\n\t\t\t\t\t<a class=\"elementor-button elementor-button-link elementor-size-sm\" href=\"#elementor-action%3Aaction%3Dpopup%3Aopen%26settings%3DeyJpZCI6IjM1MzciLCJ0b2dnbGUiOmZhbHNlfQ%3D%3D\">\n\t\t\t\t\t\t<span class=\"elementor-button-content-wrapper\">\n\t\t\t\t\t\t\t\t\t<span class=\"elementor-button-text\">Enquire<\/span>\n\t\t\t\t\t<\/span>\n\t\t\t\t\t<\/a>\n\t\t\t\t<\/div>\n\t\t\t\t\t\t\t\t<\/div>\n\t\t\t\t<\/div>\n\t\t\t\t\t<\/div>\n\t\t\t\t<\/div>\n\t\t\t\t<div class=\"elementor-element elementor-element-62ca3f8 elementor-widget elementor-widget-text-editor\" data-id=\"62ca3f8\" data-element_type=\"widget\" data-e-type=\"widget\" data-widget_type=\"text-editor.default\">\n\t\t\t\t<div class=\"elementor-widget-container\">\n\t\t\t\t\t\t\t\t\t<div id=\"block-f68dee507eeebdf5c202\" class=\"sqs-block html-block sqs-block-html\" data-block-type=\"2\" data-border-radii=\"{&quot;topLeft&quot;:{&quot;unit&quot;:&quot;px&quot;,&quot;value&quot;:0.0},&quot;topRight&quot;:{&quot;unit&quot;:&quot;px&quot;,&quot;value&quot;:0.0},&quot;bottomLeft&quot;:{&quot;unit&quot;:&quot;px&quot;,&quot;value&quot;:0.0},&quot;bottomRight&quot;:{&quot;unit&quot;:&quot;px&quot;,&quot;value&quot;:0.0}}\"><div class=\"sqs-block-content\"><div class=\"sqs-html-content\"><p class=\"\">The Kirribilli Neighbourhood Centre is a great place to hold your art exhibition. Our historic sandstone gallery overlooking the Sydney Harbour Bridge and out towards the Sydney foreshore makes for a beautiful backdrop.<\/p><p class=\"\">We offer an art exhibition package, which includes the following:<\/p><ul data-rte-list=\"default\"><li><p class=\"\">Hireage of the Gallery Room for set-up<\/p><\/li><li><p class=\"\">Hireage of the Gallery Room Saturday 10 am &#8211; 5pm<\/p><\/li><li><p class=\"\">Hireage of the Gallery Room Sunday 9 am &#8211; 5pm<\/p><\/li><li><p class=\"\">Pack down must be completed on Sunday<\/p><\/li><\/ul><p class=\"\"><strong>Cost: <\/strong>Cost $640.00<\/p><ul data-rte-list=\"default\"><li><p class=\"\">If you would like to have an opening event on Friday (6 pm &#8211; 9 pm) the cost would be (as we need to have staff on duty) an extra $285, which includes staff cost and room hire.<\/p><\/li><\/ul><p class=\"\">We have a kitchen on the same level which you are able to use. We have chairs, tables, art-hanging cords, WiFi if needed.<\/p><p class=\"\">If you wish to cater, we have some great local cafes such as Oski Cafe who are more than happy to help.<\/p><p class=\"\">If you are after something more simple, like wine, cheese etc, we are more than happy to organise this for you. Please speak to one of our team in regards to costs.<\/p><p class=\"\">You are allowed to bring alcohol to the opening night. You can also arrange your own catering.<\/p><p class=\"\">Please note, all art exhibitions needs to be booked well in advance. We suggest promoting to your own networks. We will promote on our social media, our notice boards, flyers etc, but please ensure you promote your event within your network as well.<\/p><p class=\"\">All room hire time includes set-up and pack-up, so please allow for this in your booking.<\/p><\/div><\/div><\/div>\t\t\t\t\t\t\t\t<\/div>\n\t\t\t\t<\/div>\n\t\t\t\t\t<\/div>\n\t\t\t\t<\/div>\n\t\t<div class=\"elementor-element elementor-element-5ed0c16 e-con-full e-flex e-con e-parent\" data-id=\"5ed0c16\" data-element_type=\"container\" data-e-type=\"container\">\n\t\t\t\t<\/div>\n\t\t<div class=\"elementor-element elementor-element-8343912 e-flex e-con-boxed e-con e-parent\" data-id=\"8343912\" data-element_type=\"container\" data-e-type=\"container\">\n\t\t\t\t\t<div class=\"e-con-inner\">\n\t\t<div class=\"elementor-element elementor-element-a49a129 e-flex e-con-boxed e-con e-child\" data-id=\"a49a129\" data-element_type=\"container\" data-e-type=\"container\">\n\t\t\t\t\t<div class=\"e-con-inner\">\n\t\t\t\t<div class=\"elementor-element elementor-element-70c778a elementor-widget elementor-widget-heading\" data-id=\"70c778a\" data-element_type=\"widget\" data-e-type=\"widget\" data-widget_type=\"heading.default\">\n\t\t\t\t<div class=\"elementor-widget-container\">\n\t\t\t\t\t<h2 class=\"elementor-heading-title elementor-size-default\">Wedding Packages<\/h2>\t\t\t\t<\/div>\n\t\t\t\t<\/div>\n\t\t\t\t<div class=\"elementor-element elementor-element-ac2d38f elementor-widget elementor-widget-button\" data-id=\"ac2d38f\" data-element_type=\"widget\" data-e-type=\"widget\" data-widget_type=\"button.default\">\n\t\t\t\t<div class=\"elementor-widget-container\">\n\t\t\t\t\t\t\t\t\t<div class=\"elementor-button-wrapper\">\n\t\t\t\t\t<a class=\"elementor-button elementor-button-link elementor-size-sm\" href=\"#elementor-action%3Aaction%3Dpopup%3Aopen%26settings%3DeyJpZCI6IjM1NDUiLCJ0b2dnbGUiOmZhbHNlfQ%3D%3D\">\n\t\t\t\t\t\t<span class=\"elementor-button-content-wrapper\">\n\t\t\t\t\t\t\t\t\t<span class=\"elementor-button-text\">Enquire<\/span>\n\t\t\t\t\t<\/span>\n\t\t\t\t\t<\/a>\n\t\t\t\t<\/div>\n\t\t\t\t\t\t\t\t<\/div>\n\t\t\t\t<\/div>\n\t\t\t\t\t<\/div>\n\t\t\t\t<\/div>\n\t\t\t\t<div class=\"elementor-element elementor-element-5dd8590 elementor-widget elementor-widget-text-editor\" data-id=\"5dd8590\" data-element_type=\"widget\" data-e-type=\"widget\" data-widget_type=\"text-editor.default\">\n\t\t\t\t<div class=\"elementor-widget-container\">\n\t\t\t\t\t\t\t\t\t<p class=\"\">With its beautiful garden setting, heritage rooms, convenient transport and harbour views The Kirribilli Centre is a ideal location for an intimate wedding.\u00a0\u00a0Bespoke small wedding packages are available.<\/p><p class=\"\"><strong>The Gallery &amp; Upstairs Balcony Package.<\/strong><\/p><p class=\"\">Our Gallery Room is a stunning sandstone heritage room that is the perfect backdrop for your celebration. Paired with our upstairs back balcony it offers a lovely setting for a small wedding. The Gallery can hold up to 60 people standing and the back balcony can hold the same.<\/p><p class=\"\"><strong>Cost:<\/strong> $125 an hour for both spaces during Centre opening hours Monday &#8211; Sunday.<\/p><p class=\"\"><strong>After hour hirage.<\/strong> You are able to hire the Centre outside of these hours. Caretaker costs will be added to the per hour rate. Week days this is $35 an hour, weekends are $55 an hour.<\/p><p class=\"\">We have a kitchen on the same level which you are able to use. We have chairs &amp; tables available.<\/p><p class=\"\">If you wish to cater, we have some great local cafes such as Oski Cafe who are more than happy to help.<\/p><p class=\"\">If you are after something more simple, like wine, cheese etc, we are more than happy to organise this for you. Please speak to one of our team in regards to costs.<\/p><p class=\"\">You are allowed to bring alcohol and can also arrange your own catering.<\/p><p class=\"\">All room hire time includes set-up and pack-up, so please allow for this in your booking.<\/p><p class=\"\">Limited parking is available on the street, however we are a two minute walk from the Milsons Point Train Station and a very short stroll from the Ferry.<\/p><p class=\"\">Contact our friendly team to learn more about celebrating your special day at The Kirribilli Centre, please contact our office on 9922 4428.\u00a0<\/p>\t\t\t\t\t\t\t\t<\/div>\n\t\t\t\t<\/div>\n\t\t\t\t\t<\/div>\n\t\t\t\t<\/div>\n\t\t<div class=\"elementor-element elementor-element-e76b4b4 e-flex e-con-boxed e-con e-parent\" data-id=\"e76b4b4\" data-element_type=\"container\" data-e-type=\"container\">\n\t\t\t\t\t<div class=\"e-con-inner\">\n\t\t<div class=\"elementor-element elementor-element-b46dd0f e-flex e-con-boxed e-con e-child\" data-id=\"b46dd0f\" data-element_type=\"container\" data-e-type=\"container\">\n\t\t\t\t\t<div class=\"e-con-inner\">\n\t\t\t\t<div class=\"elementor-element elementor-element-221c1ce elementor-widget elementor-widget-heading\" data-id=\"221c1ce\" data-element_type=\"widget\" data-e-type=\"widget\" data-widget_type=\"heading.default\">\n\t\t\t\t<div class=\"elementor-widget-container\">\n\t\t\t\t\t<h2 class=\"elementor-heading-title elementor-size-default\">Seniors Parties<\/h2>\t\t\t\t<\/div>\n\t\t\t\t<\/div>\n\t\t\t\t<div class=\"elementor-element elementor-element-0c76133 elementor-hidden-desktop elementor-hidden-tablet elementor-hidden-mobile elementor-widget elementor-widget-button\" data-id=\"0c76133\" data-element_type=\"widget\" data-e-type=\"widget\" data-widget_type=\"button.default\">\n\t\t\t\t<div class=\"elementor-widget-container\">\n\t\t\t\t\t\t\t\t\t<div class=\"elementor-button-wrapper\">\n\t\t\t\t\t<a class=\"elementor-button elementor-button-link elementor-size-sm\" href=\"#\">\n\t\t\t\t\t\t<span class=\"elementor-button-content-wrapper\">\n\t\t\t\t\t\t\t\t\t<span class=\"elementor-button-text\">Enquire<\/span>\n\t\t\t\t\t<\/span>\n\t\t\t\t\t<\/a>\n\t\t\t\t<\/div>\n\t\t\t\t\t\t\t\t<\/div>\n\t\t\t\t<\/div>\n\t\t\t\t\t<\/div>\n\t\t\t\t<\/div>\n\t\t\t\t<div class=\"elementor-element elementor-element-1ab3986 elementor-widget elementor-widget-text-editor\" data-id=\"1ab3986\" data-element_type=\"widget\" data-e-type=\"widget\" data-widget_type=\"text-editor.default\">\n\t\t\t\t<div class=\"elementor-widget-container\">\n\t\t\t\t\t\t\t\t\t<p class=\"\">If you are looking for a venue to host your 60th, 70th, 75th, 80th etc. please contact us.\u00a0 We have a wonderful historic gallery which would be perfect for a small intimate party.\u00a0<\/p><p class=\"\">Our historic Sandstone Gallery is a wonderful spot to celebrate your special day. We can fit 60 standing or 40 seated. We have two large tables that will fit 20 for a hightea or lunch.<\/p><p class=\"\"><strong>Cost:<\/strong> $65 per hour<\/p><p class=\"\">We have a kitchen on the same level which you are able to use. We have chairs &amp; tables available.<\/p><p class=\"\">If you wish to cater, we have some great local cafes such as Oski Cafe who are more than happy to help.<\/p><p class=\"\">If you are after something more simple, like wine, cheese etc, we are more than happy to organise this for you, or if you would like a high tea, please speak to one of our team in regards to costs.<\/p><p class=\"\">You are allowed to bring alcohol and can also arrange your own catering.<\/p><p class=\"\">We have wheel chair access, and a lift onsite if you can not take stairs.<\/p><p class=\"\">All room hire time includes set-up and pack-up, so please allow for this in your booking.<\/p><p class=\"\">Limited parking is available on the street, however we are a two minute walk from the Milsons Point Train Station and a very short stroll from the Ferry.<\/p>\t\t\t\t\t\t\t\t<\/div>\n\t\t\t\t<\/div>\n\t\t\t\t\t<\/div>\n\t\t\t\t<\/div>\n\t\t<div class=\"elementor-element elementor-element-5c19d37 e-flex e-con-boxed e-con e-parent\" data-id=\"5c19d37\" data-element_type=\"container\" data-e-type=\"container\">\n\t\t\t\t\t<div class=\"e-con-inner\">\n\t\t<div class=\"elementor-element elementor-element-36b6352 e-flex e-con-boxed e-con e-child\" data-id=\"36b6352\" data-element_type=\"container\" data-e-type=\"container\">\n\t\t\t\t\t<div class=\"e-con-inner\">\n\t\t\t\t<div class=\"elementor-element elementor-element-efcb5b0 elementor-widget elementor-widget-heading\" data-id=\"efcb5b0\" data-element_type=\"widget\" data-e-type=\"widget\" data-widget_type=\"heading.default\">\n\t\t\t\t<div class=\"elementor-widget-container\">\n\t\t\t\t\t<h2 class=\"elementor-heading-title elementor-size-default\">Kirribilli Afternoon tea\/high tea<\/h2>\t\t\t\t<\/div>\n\t\t\t\t<\/div>\n\t\t\t\t<div class=\"elementor-element elementor-element-ab7c96e elementor-hidden-desktop elementor-hidden-tablet elementor-hidden-mobile elementor-widget elementor-widget-button\" data-id=\"ab7c96e\" data-element_type=\"widget\" data-e-type=\"widget\" data-widget_type=\"button.default\">\n\t\t\t\t<div class=\"elementor-widget-container\">\n\t\t\t\t\t\t\t\t\t<div class=\"elementor-button-wrapper\">\n\t\t\t\t\t<a class=\"elementor-button elementor-button-link elementor-size-sm\" href=\"#\">\n\t\t\t\t\t\t<span class=\"elementor-button-content-wrapper\">\n\t\t\t\t\t\t\t\t\t<span class=\"elementor-button-text\">Enquire<\/span>\n\t\t\t\t\t<\/span>\n\t\t\t\t\t<\/a>\n\t\t\t\t<\/div>\n\t\t\t\t\t\t\t\t<\/div>\n\t\t\t\t<\/div>\n\t\t\t\t\t<\/div>\n\t\t\t\t<\/div>\n\t\t<div class=\"elementor-element elementor-element-7943380 e-flex e-con-boxed e-con e-child\" data-id=\"7943380\" data-element_type=\"container\" data-e-type=\"container\">\n\t\t\t\t\t<div class=\"e-con-inner\">\n\t\t<div class=\"elementor-element elementor-element-ff12eaa e-con-full e-flex e-con e-child\" data-id=\"ff12eaa\" data-element_type=\"container\" data-e-type=\"container\">\n\t\t\t\t<div class=\"elementor-element elementor-element-3df746f elementor-widget elementor-widget-text-editor\" data-id=\"3df746f\" data-element_type=\"widget\" data-e-type=\"widget\" data-widget_type=\"text-editor.default\">\n\t\t\t\t<div class=\"elementor-widget-container\">\n\t\t\t\t\t\t\t\t\t<p class=\"\">Come and enjoy a lovely afternoon tea here in our heritage building. It\u2019s a great way to get your friends together.<\/p><p class=\"\">The minimum number of people is 10 and maximum 20 people<\/p><p class=\"\">The cost is $50 per head<\/p><p class=\"\">We set up the Back Balcony, provide the food and drinks (if you want alcohol, we kindly ask that you supply this)<\/p><p class=\"\">Available Monday &#8211; Friday subject to availability<\/p><p class=\"\"><strong>Sample menu (subject to change)<\/strong><\/p><p class=\"\">Finger sandwiches<\/p><p class=\"\">Scones served with cream and jam<\/p><p class=\"\">Savouries \u2013 mini quiches<\/p><p class=\"\">Pastries \u2013 a selection of pastries and danishes<\/p><p class=\"\">Selection of teas<\/p><p class=\"\">Please call us on 9922 4428<\/p>\t\t\t\t\t\t\t\t<\/div>\n\t\t\t\t<\/div>\n\t\t\t\t<\/div>\n\t\t<div class=\"elementor-element elementor-element-3246c18 e-flex e-con-boxed e-con e-child\" data-id=\"3246c18\" data-element_type=\"container\" data-e-type=\"container\">\n\t\t\t\t\t<div class=\"e-con-inner\">\n\t\t\t\t<div class=\"elementor-element elementor-element-83a3b1d elementor-widget elementor-widget-image\" data-id=\"83a3b1d\" data-element_type=\"widget\" data-e-type=\"widget\" data-widget_type=\"image.default\">\n\t\t\t\t<div class=\"elementor-widget-container\">\n\t\t\t\t\t\t\t\t\t\t\t\t\t\t\t<img fetchpriority=\"high\" decoding=\"async\" width=\"768\" height=\"1024\" src=\"https:\/\/www.kirribillineighbourhoodcentre.org\/wp-content\/uploads\/2024\/05\/Platter1-768x1024.jpeg\" class=\"attachment-large size-large wp-image-1800\" alt=\"\" srcset=\"https:\/\/www.kirribillineighbourhoodcentre.org\/wp-content\/uploads\/2024\/05\/Platter1-768x1024.jpeg 768w, https:\/\/www.kirribillineighbourhoodcentre.org\/wp-content\/uploads\/2024\/05\/Platter1-225x300.jpeg 225w, https:\/\/www.kirribillineighbourhoodcentre.org\/wp-content\/uploads\/2024\/05\/Platter1-1152x1536.jpeg 1152w, https:\/\/www.kirribillineighbourhoodcentre.org\/wp-content\/uploads\/2024\/05\/Platter1-1536x2048.jpeg 1536w, https:\/\/www.kirribillineighbourhoodcentre.org\/wp-content\/uploads\/2024\/05\/Platter1-9x12.jpeg 9w, https:\/\/www.kirribillineighbourhoodcentre.org\/wp-content\/uploads\/2024\/05\/Platter1-scaled.jpeg 1920w\" sizes=\"(max-width: 768px) 100vw, 768px\" \/>\t\t\t\t\t\t\t\t\t\t\t\t\t\t\t<\/div>\n\t\t\t\t<\/div>\n\t\t\t\t\t<\/div>\n\t\t\t\t<\/div>\n\t\t\t\t\t<\/div>\n\t\t\t\t<\/div>\n\t\t\t\t\t<\/div>\n\t\t\t\t<\/div>\n\t\t\t\t<\/div>","protected":false},"excerpt":{"rendered":"<p>Children&#8217;s Party Package Enquire With its child sensitive synthetic turfed play area, outdoor seating, undercover areas for wet weather. The Kirribilli Centre is a wonderful location for a Children&#8217;s Birthday Party! The Children&#8217;s Party Package includes; The use of the back courtyard The use of the Trelawney room (as a wet weather option) The courtyard [&hellip;]<\/p>\n","protected":false},"author":1,"featured_media":1735,"parent":95,"menu_order":0,"comment_status":"closed","ping_status":"closed","template":"","meta":{"_acf_changed":false,"footnotes":""},"class_list":["post-1586","page","type-page","status-publish","has-post-thumbnail","hentry"],"acf":[],"_links":{"self":[{"href":"https:\/\/www.kirribillineighbourhoodcentre.org\/es\/wp-json\/wp\/v2\/pages\/1586","targetHints":{"allow":["GET"]}}],"collection":[{"href":"https:\/\/www.kirribillineighbourhoodcentre.org\/es\/wp-json\/wp\/v2\/pages"}],"about":[{"href":"https:\/\/www.kirribillineighbourhoodcentre.org\/es\/wp-json\/wp\/v2\/types\/page"}],"author":[{"embeddable":true,"href":"https:\/\/www.kirribillineighbourhoodcentre.org\/es\/wp-json\/wp\/v2\/users\/1"}],"replies":[{"embeddable":true,"href":"https:\/\/www.kirribillineighbourhoodcentre.org\/es\/wp-json\/wp\/v2\/comments?post=1586"}],"version-history":[{"count":5,"href":"https:\/\/www.kirribillineighbourhoodcentre.org\/es\/wp-json\/wp\/v2\/pages\/1586\/revisions"}],"predecessor-version":[{"id":5036,"href":"https:\/\/www.kirribillineighbourhoodcentre.org\/es\/wp-json\/wp\/v2\/pages\/1586\/revisions\/5036"}],"up":[{"embeddable":true,"href":"https:\/\/www.kirribillineighbourhoodcentre.org\/es\/wp-json\/wp\/v2\/pages\/95"}],"wp:featuredmedia":[{"embeddable":true,"href":"https:\/\/www.kirribillineighbourhoodcentre.org\/es\/wp-json\/wp\/v2\/media\/1735"}],"wp:attachment":[{"href":"https:\/\/www.kirribillineighbourhoodcentre.org\/es\/wp-json\/wp\/v2\/media?parent=1586"}],"curies":[{"name":"wp","href":"https:\/\/api.w.org\/{rel}","templated":true}]}}